{"id":2110,"date":"2020-10-09T15:17:13","date_gmt":"2020-10-09T13:17:13","guid":{"rendered":"https:\/\/holicstvisvoboda.cz\/pankrac\/?page_id=2110"},"modified":"2024-02-19T17:27:30","modified_gmt":"2024-02-19T16:27:30","slug":"old-town","status":"publish","type":"page","link":"https:\/\/holicstvisvoboda.cz\/pankrac\/en\/","title":{"rendered":"Holi\u010dstv\u00ed Svoboda Pankr\u00e1c"},"content":{"rendered":"<p>[et_pb_section fb_built=&#8220;1&#8243; custom_padding_last_edited=&#8220;on|phone&#8220; admin_label=&#8220;HERO&#8220; module_class=&#8220;hero&#8220; _builder_version=&#8220;4.19.2&#8243; _module_preset=&#8220;default&#8220; background_enable_color=&#8220;off&#8220; background_image=&#8220;https:\/\/holicstvisvoboda.cz\/pankrac\/wp-content\/uploads\/sites\/9\/holicstvi-svoboda-pankrac-hp1.jpg&#8220; background_position=&#8220;center_left&#8220; height=&#8220;100vh&#8220; height_tablet=&#8220;&#8220; height_phone=&#8220;90vh&#8220; height_last_edited=&#8220;on|phone&#8220; custom_padding=&#8220;200px||200px||true|false&#8220; custom_padding_tablet=&#8220;&#8220; custom_padding_phone=&#8220;160px||160px||true|false&#8220; locked=&#8220;off&#8220; global_colors_info=&#8220;{}&#8220;][et_pb_row make_equal=&#8220;on&#8220; custom_padding_last_edited=&#8220;off|desktop&#8220; disabled_on=&#8220;off|off|off&#8220; _builder_version=&#8220;4.16&#8243; _module_preset=&#8220;default&#8220; background_enable_color=&#8220;off&#8220; width_tablet=&#8220;&#8220; width_phone=&#8220;90%&#8220; width_last_edited=&#8220;on|phone&#8220; height=&#8220;100%&#8220; height_tablet=&#8220;&#8220; height_phone=&#8220;&#8220; height_last_edited=&#8220;on|phone&#8220; custom_padding_tablet=&#8220;||||false|false&#8220; custom_padding_phone=&#8220;||||false|false&#8220; custom_css_main_element=&#8220;margin: auto;&#8220; global_colors_info=&#8220;{}&#8220;][et_pb_column type=&#8220;4_4&#8243; _builder_version=&#8220;4.16&#8243; _module_preset=&#8220;default&#8220; custom_css_main_element=&#8220;margin: auto;&#8220; global_colors_info=&#8220;{}&#8220;][et_pb_text disabled_on=&#8220;on|off|off&#8220; module_class=&#8220;headline&#8220; _builder_version=&#8220;4.19.2&#8243; _module_preset=&#8220;default&#8220; text_font=&#8220;Play||||||||&#8220; text_text_color=&#8220;#ffffff&#8220; text_font_size=&#8220;18px&#8220; text_line_height=&#8220;1.5em&#8220; header_font=&#8220;Play||||||||&#8220; header_text_color=&#8220;#ffffff&#8220; header_font_size=&#8220;40px&#8220; header_line_height=&#8220;2.1em&#8220; background_enable_color=&#8220;off&#8220; text_orientation=&#8220;center&#8220; custom_padding=&#8220;8px||8px||true|false&#8220; text_font_size_tablet=&#8220;24px&#8220; text_font_size_phone=&#8220;&#8220; text_font_size_last_edited=&#8220;on|desktop&#8220; header_font_size_tablet=&#8220;24px&#8220; header_font_size_phone=&#8220;&#8220; header_font_size_last_edited=&#8220;on|phone&#8220; global_colors_info=&#8220;{}&#8220;]<\/p>\n<h1><span>Holi\u010dstv\u00ed Svoboda Pankr\u00e1c<\/span><\/h1>\n<p>[\/et_pb_text][et_pb_text disabled_on=&#8220;off|on|on&#8220; _builder_version=&#8220;4.19.2&#8243; _module_preset=&#8220;default&#8220; text_font=&#8220;Play||||||||&#8220; text_text_color=&#8220;#ffffff&#8220; text_font_size=&#8220;40px&#8220; text_line_height=&#8220;1.5em&#8220; header_font=&#8220;Play||||||||&#8220; header_text_color=&#8220;#ffffff&#8220; header_font_size=&#8220;40px&#8220; header_line_height=&#8220;1.5em&#8220; background_color=&#8220;#2e2e2e&#8220; text_orientation=&#8220;center&#8220; custom_margin=&#8220;||0px||false|false&#8220; custom_padding=&#8220;||8px||false|false&#8220; text_font_size_tablet=&#8220;24px&#8220; text_font_size_phone=&#8220;18px&#8220; text_font_size_last_edited=&#8220;on|desktop&#8220; header_font_size_tablet=&#8220;24px&#8220; header_font_size_phone=&#8220;&#8220; header_font_size_last_edited=&#8220;on|phone&#8220; global_colors_info=&#8220;{}&#8220;]<\/p>\n<h1>Holi\u010dstv\u00ed Svoboda Pankr\u00e1c<\/h1>\n<p>[\/et_pb_text][\/et_pb_column][\/et_pb_row][et_pb_row column_structure=&#8220;1_4,1_4,1_4,1_4&#8243; make_equal=&#8220;on&#8220; disabled_on=&#8220;on|off|off&#8220; module_class=&#8220;info-bar&#8220; _builder_version=&#8220;4.19.2&#8243; _module_preset=&#8220;default&#8220; background_color=&#8220;gcid-0f43e577-e85d-49d0-a95b-d557f6a6e08d&#8220; background_enable_image=&#8220;off&#8220; background_size=&#8220;initial&#8220; background_position=&#8220;bottom_center&#8220; background_repeat=&#8220;repeat-x&#8220; positioning=&#8220;absolute&#8220; position_origin_a=&#8220;bottom_center&#8220; width=&#8220;100%&#8220; custom_padding=&#8220;|2rem||2rem|false|true&#8220; custom_css_main_element=&#8220;text-align: justify;||-ms-text-justify: distribute-all-lines;||text-justify: distribute-all-lines;||justify-content:space-between;||&#8220; global_colors_info=&#8220;{%22gcid-0f43e577-e85d-49d0-a95b-d557f6a6e08d%22:%91%22background_color%22%93}&#8220;][et_pb_column type=&#8220;1_4&#8243; _builder_version=&#8220;4.16&#8243; _module_preset=&#8220;default&#8220; background_enable_color=&#8220;off&#8220; global_colors_info=&#8220;{}&#8220;][et_pb_text disabled_on=&#8220;off|off|off&#8220; _builder_version=&#8220;4.19.2&#8243; _module_preset=&#8220;default&#8220; text_font=&#8220;Open Sans||||||||&#8220; text_text_color=&#8220;gcid-d8452ac7-d064-4d98-ae2b-f57efeb11284&#8243; text_font_size=&#8220;14px&#8220; link_text_color=&#8220;gcid-d8452ac7-d064-4d98-ae2b-f57efeb11284&#8243; background_layout=&#8220;dark&#8220; text_font_size_tablet=&#8220;&#8220; text_font_size_phone=&#8220;16px&#8220; text_font_size_last_edited=&#8220;on|phone&#8220; text_orientation_last_edited=&#8220;off|phone&#8220; global_colors_info=&#8220;{%22gcid-d8452ac7-d064-4d98-ae2b-f57efeb11284%22:%91%22text_text_color%22,%22link_text_color%22%93}&#8220;]<\/p>\n<p><a href=\"https:\/\/goo.gl\/maps\/DzF8n6tqK64ZmjWEA\" target=\"_blank\" rel=\"noopener noreferrer\"><strong>Main Point Pankr\u00e1c, Milevsk\u00e1 2095\/5, Praha 4<\/strong><\/a><\/p>\n<p>[\/et_pb_text][\/et_pb_column][et_pb_column type=&#8220;1_4&#8243; _builder_version=&#8220;4.16&#8243; _module_preset=&#8220;default&#8220; background_enable_color=&#8220;off&#8220; global_colors_info=&#8220;{}&#8220;][et_pb_text disabled_on=&#8220;off|off|off&#8220; module_class=&#8220;oteviracka&#8220; _builder_version=&#8220;4.19.2&#8243; _module_preset=&#8220;default&#8220; text_font=&#8220;Open Sans||||||||&#8220; text_text_color=&#8220;gcid-d8452ac7-d064-4d98-ae2b-f57efeb11284&#8243; text_font_size=&#8220;14px&#8220; link_text_color=&#8220;gcid-d8452ac7-d064-4d98-ae2b-f57efeb11284&#8243; background_layout=&#8220;dark&#8220; text_font_size_tablet=&#8220;&#8220; text_font_size_phone=&#8220;16px&#8220; text_font_size_last_edited=&#8220;on|phone&#8220; global_colors_info=&#8220;{%22gcid-d8452ac7-d064-4d98-ae2b-f57efeb11284%22:%91%22text_text_color%22,%22link_text_color%22%93,%22gcid-71bb4a1c-e002-4ac6-a942-df7b638f873c%22:%91%22text_text_color%22,%22link_text_color%22%93}&#8220;]<\/p>\n<p><span><strong>Mon &#8211; Fri: <\/strong>9h &#8211; 19h<\/span><span><strong>Sat: <\/strong>10h &#8211; 18h<\/span><span><strong>Sun: <\/strong>closed<span><\/span><\/span><\/p>\n<p>[\/et_pb_text][\/et_pb_column][et_pb_column type=&#8220;1_4&#8243; _builder_version=&#8220;4.16&#8243; _module_preset=&#8220;default&#8220; background_enable_color=&#8220;off&#8220; global_colors_info=&#8220;{}&#8220;][et_pb_text disabled_on=&#8220;off|off|off&#8220; _builder_version=&#8220;4.19.2&#8243; _module_preset=&#8220;default&#8220; text_font=&#8220;Open Sans||||||||&#8220; text_text_color=&#8220;gcid-d8452ac7-d064-4d98-ae2b-f57efeb11284&#8243; text_font_size=&#8220;14px&#8220; link_text_color=&#8220;gcid-d8452ac7-d064-4d98-ae2b-f57efeb11284&#8243; background_layout=&#8220;dark&#8220; text_font_size_tablet=&#8220;&#8220; text_font_size_phone=&#8220;16px&#8220; text_font_size_last_edited=&#8220;on|phone&#8220; global_colors_info=&#8220;{%22gcid-d8452ac7-d064-4d98-ae2b-f57efeb11284%22:%91%22text_text_color%22,%22link_text_color%22%93,%22gcid-71bb4a1c-e002-4ac6-a942-df7b638f873c%22:%91%22link_text_color%22,%22text_text_color%22%93}&#8220;]<\/p>\n<p><strong><a href=\"tel:+420777101401\">+420&nbsp;777&nbsp;101&nbsp;401<\/a><\/strong><\/p>\n<p>[\/et_pb_text][\/et_pb_column][et_pb_column type=&#8220;1_4&#8243; _builder_version=&#8220;4.16&#8243; _module_preset=&#8220;default&#8220; background_enable_color=&#8220;off&#8220; global_colors_info=&#8220;{}&#8220;][et_pb_social_media_follow icon_color=&#8220;gcid-0f43e577-e85d-49d0-a95b-d557f6a6e08d&#8220; _builder_version=&#8220;4.19.2&#8243; _module_preset=&#8220;default&#8220; text_orientation_tablet=&#8220;&#8220; text_orientation_phone=&#8220;&#8220; text_orientation_last_edited=&#8220;on|desktop&#8220; global_colors_info=&#8220;{%22gcid-0f43e577-e85d-49d0-a95b-d557f6a6e08d%22:%91%22icon_color%22%93}&#8220; icon_color__hover_enabled=&#8220;off|desktop&#8220;][et_pb_social_media_follow_network social_network=&#8220;facebook&#8220; url=&#8220;https:\/\/www.facebook.com\/holicstvisvoboda\/&#8220; _builder_version=&#8220;4.19.2&#8243; _module_preset=&#8220;default&#8220; background_color=&#8220;gcid-d8452ac7-d064-4d98-ae2b-f57efeb11284&#8243; background_enable_color=&#8220;on&#8220; custom_margin=&#8220;|4px|0px|4px|false|true&#8220; global_colors_info=&#8220;{%22gcid-d8452ac7-d064-4d98-ae2b-f57efeb11284%22:%91%22background_color%22%93,%22gcid-71bb4a1c-e002-4ac6-a942-df7b638f873c%22:%91%22background_color__hover%22%93}&#8220; background__hover_enabled=&#8220;on|desktop&#8220; background_color__hover=&#8220;#e1e1e1&#8243; background_enable_color__hover=&#8220;on&#8220; icon_color__hover_enabled=&#8220;off|hover&#8220; follow_button=&#8220;off&#8220; url_new_window=&#8220;on&#8220;]facebook[\/et_pb_social_media_follow_network][et_pb_social_media_follow_network social_network=&#8220;instagram&#8220; url=&#8220;https:\/\/www.instagram.com\/holicstvi_svoboda\/&#8220; _builder_version=&#8220;4.19.2&#8243; _module_preset=&#8220;default&#8220; background_color=&#8220;gcid-d8452ac7-d064-4d98-ae2b-f57efeb11284&#8243; background_enable_color=&#8220;on&#8220; custom_margin=&#8220;|4px|0px|4px|false|true&#8220; global_colors_info=&#8220;{%22gcid-d8452ac7-d064-4d98-ae2b-f57efeb11284%22:%91%22background_color%22%93,%22gcid-71bb4a1c-e002-4ac6-a942-df7b638f873c%22:%91%22background_color__hover%22%93}&#8220; background__hover_enabled=&#8220;on|desktop&#8220; background_color__hover=&#8220;#e1e1e1&#8243; background_enable_color__hover=&#8220;on&#8220; follow_button=&#8220;off&#8220; url_new_window=&#8220;on&#8220;]instagram[\/et_pb_social_media_follow_network][\/et_pb_social_media_follow][\/et_pb_column][\/et_pb_row][et_pb_row make_equal=&#8220;on&#8220; disabled_on=&#8220;off|on|on&#8220; module_class=&#8220;info-bar-mobile&#8220; _builder_version=&#8220;4.19.2&#8243; _module_preset=&#8220;default&#8220; background_color=&#8220;gcid-0f43e577-e85d-49d0-a95b-d557f6a6e08d&#8220; background_enable_image=&#8220;off&#8220; background_size=&#8220;initial&#8220; background_position=&#8220;bottom_center&#8220; background_repeat=&#8220;repeat-x&#8220; positioning=&#8220;absolute&#8220; position_origin_a=&#8220;bottom_center&#8220; width=&#8220;100%&#8220; custom_padding=&#8220;1.5rem||1.5rem||true|false&#8220; global_colors_info=&#8220;{%22gcid-0f43e577-e85d-49d0-a95b-d557f6a6e08d%22:%91%22background_color%22%93}&#8220;][et_pb_column type=&#8220;4_4&#8243; _builder_version=&#8220;4.16&#8243; _module_preset=&#8220;default&#8220; background_enable_color=&#8220;off&#8220; global_colors_info=&#8220;{}&#8220;][et_pb_text disabled_on=&#8220;off|off|off&#8220; _builder_version=&#8220;4.19.2&#8243; _module_preset=&#8220;default&#8220; text_font=&#8220;Open Sans||||||||&#8220; text_text_color=&#8220;gcid-d8452ac7-d064-4d98-ae2b-f57efeb11284&#8243; text_font_size=&#8220;14px&#8220; text_line_height=&#8220;1.2em&#8220; link_text_color=&#8220;gcid-d8452ac7-d064-4d98-ae2b-f57efeb11284&#8243; text_orientation=&#8220;center&#8220; custom_margin=&#8220;||16px||false|false&#8220; text_font_size_tablet=&#8220;&#8220; text_font_size_phone=&#8220;13px&#8220; text_font_size_last_edited=&#8220;on|phone&#8220; text_orientation_last_edited=&#8220;off|phone&#8220; global_colors_info=&#8220;{%22gcid-d8452ac7-d064-4d98-ae2b-f57efeb11284%22:%91%22text_text_color%22,%22link_text_color%22%93}&#8220;]<\/p>\n<p><a href=\"https:\/\/goo.gl\/maps\/DzF8n6tqK64ZmjWEA\" target=\"_blank\" rel=\"noopener noreferrer\"><strong>Main Point Pankr\u00e1c, Milevsk\u00e1 2095\/5, Praha 4<\/strong><\/a><\/p>\n<p><strong>Mon &#8211; Fri:<\/strong>\u00a09h &#8211; 19h, <strong>Sat:<\/strong>\u00a010h &#8211; 18h, <strong>Sun:<\/strong> closed<\/p>\n<p><strong><a href=\"tel:+420777101401\">+420&nbsp;777&nbsp;101&nbsp;401<\/a><\/strong><\/p>\n<p>[\/et_pb_text][et_pb_social_media_follow icon_color=&#8220;gcid-0f43e577-e85d-49d0-a95b-d557f6a6e08d&#8220; use_icon_font_size=&#8220;on&#8220; icon_font_size=&#8220;12px&#8220; admin_label=&#8220;Social Media Follow&#8220; _builder_version=&#8220;4.19.2&#8243; _module_preset=&#8220;default&#8220; text_orientation=&#8220;center&#8220; text_orientation_last_edited=&#8220;off|desktop&#8220; global_colors_info=&#8220;{%22gcid-0f43e577-e85d-49d0-a95b-d557f6a6e08d%22:%91%22icon_color%22%93}&#8220;][et_pb_social_media_follow_network social_network=&#8220;facebook&#8220; url=&#8220;https:\/\/www.facebook.com\/holicstvisvoboda\/&#8220; _builder_version=&#8220;4.19.2&#8243; _module_preset=&#8220;default&#8220; background_color=&#8220;gcid-71bb4a1c-e002-4ac6-a942-df7b638f873c&#8220; background_enable_color=&#8220;on&#8220; custom_margin=&#8220;|4px|0px|4px|false|true&#8220; global_colors_info=&#8220;{%22gcid-d8452ac7-d064-4d98-ae2b-f57efeb11284%22:%91%22background_color__hover%22%93,%22gcid-71bb4a1c-e002-4ac6-a942-df7b638f873c%22:%91%22background_color%22%93}&#8220; background__hover_enabled=&#8220;on|desktop&#8220; background_color__hover=&#8220;#ffffff&#8220; background_enable_color__hover=&#8220;on&#8220; follow_button=&#8220;off&#8220; url_new_window=&#8220;on&#8220;]facebook[\/et_pb_social_media_follow_network][et_pb_social_media_follow_network social_network=&#8220;instagram&#8220; url=&#8220;https:\/\/www.instagram.com\/holicstvi_svoboda\/&#8220; _builder_version=&#8220;4.19.2&#8243; _module_preset=&#8220;default&#8220; background_color=&#8220;gcid-71bb4a1c-e002-4ac6-a942-df7b638f873c&#8220; background_enable_color=&#8220;on&#8220; custom_margin=&#8220;|4px|0px|4px|false|true&#8220; global_colors_info=&#8220;{%22gcid-71bb4a1c-e002-4ac6-a942-df7b638f873c%22:%91%22background_color%22%93,%22gcid-d8452ac7-d064-4d98-ae2b-f57efeb11284%22:%91%22background_color__hover%22%93}&#8220; background__hover_enabled=&#8220;on|hover&#8220; background_color__hover=&#8220;#ffffff&#8220; background_enable_color__hover=&#8220;on&#8220; follow_button=&#8220;off&#8220; url_new_window=&#8220;on&#8220;]instagram[\/et_pb_social_media_follow_network][\/et_pb_social_media_follow][\/et_pb_column][\/et_pb_row][\/et_pb_section][et_pb_section fb_built=&#8220;1&#8243; _builder_version=&#8220;4.19.3&#8243; _module_preset=&#8220;default&#8220; background_color=&#8220;gcid-0d096fd1-16d2-4dc2-8abb-7925dbcf898a&#8220; use_background_color_gradient=&#8220;on&#8220; background_color_gradient_stops=&#8220;rgba(233,233,233,0.7) 0%|rgba(233,233,233,0.7) 100%&#8220; background_color_gradient_overlays_image=&#8220;on&#8220; background_image=&#8220;https:\/\/holicstvisvoboda.cz\/pankrac\/wp-content\/uploads\/sites\/9\/concrete-bg.jpg&#8220; background_size=&#8220;initial&#8220; background_repeat=&#8220;repeat&#8220; locked=&#8220;off&#8220; global_colors_info=&#8220;{%22gcid-0d096fd1-16d2-4dc2-8abb-7925dbcf898a%22:%91%22background_color%22%93}&#8220;][et_pb_row _builder_version=&#8220;4.19.3&#8243; _module_preset=&#8220;default&#8220; max_width=&#8220;800px&#8220; global_colors_info=&#8220;{}&#8220;][et_pb_column type=&#8220;4_4&#8243; _builder_version=&#8220;4.19.3&#8243; _module_preset=&#8220;default&#8220; global_colors_info=&#8220;{}&#8220;][et_pb_text _builder_version=&#8220;4.19.3&#8243; _module_preset=&#8220;default&#8220; text_font=&#8220;||||||||&#8220; text_line_height=&#8220;1.5em&#8220; header_3_font_size=&#8220;24px&#8220; header_3_letter_spacing=&#8220;2px&#8220; custom_margin=&#8220;||8px||false|false&#8220; global_colors_info=&#8220;{}&#8220;]<\/p>\n<h3>VISION<\/h3>\n<p>[\/et_pb_text][et_pb_text _builder_version=&#8220;4.16&#8243; _module_preset=&#8220;default&#8220; text_font=&#8220;||||||||&#8220; text_line_height=&#8220;1.5em&#8220; header_3_font_size=&#8220;24px&#8220; global_colors_info=&#8220;{}&#8220;]<\/p>\n<p>The idea of opening a&nbsp;barber\u2019s originated in my childhood when my great-grandfather, a&nbsp;First Republic barber told me stories about the atmosphere of a&nbsp;real barber\u2019s. His description inspired me.<\/p>\n<p>Since then, I&nbsp;have travelled to many countries and visited an abundance of barber\u2019s. Nevertheless, in my native Prague, I&nbsp;haven\u2019t found any barber\u2019s that is not just a&nbsp;disguised hairdresser\u2019s labelling itself with the appealing and world-famous name \u201cbarbershop\u201d. In our barbershop, a&nbsp;man does not find hair colouring or a&nbsp;variety of cosmetic services. You will only find here honest barber\u2019s craft, that is, quality cut and shave using a&nbsp;straight razor as in the old days.<\/p>\n<p>I am proud to welcome you to the world of Holi\u010dstv\u00ed Svoboda Pankr\u00e1c<\/p>\n<p>[\/et_pb_text][et_pb_image src=&#8220;https:\/\/holicstvisvoboda.cz\/pankrac\/wp-content\/uploads\/sites\/9\/podpis-svoboda.png&#8220; title_text=&#8220;podpis-svoboda&#8220; show_bottom_space=&#8220;off&#8220; disabled_on=&#8220;off|off|off&#8220; _builder_version=&#8220;4.19.3&#8243; _module_preset=&#8220;default&#8220; custom_margin=&#8220;||0px||false|false&#8220; global_colors_info=&#8220;{}&#8220;][\/et_pb_image][et_pb_text disabled_on=&#8220;off|off|off&#8220; _builder_version=&#8220;4.19.3&#8243; _module_preset=&#8220;default&#8220; background_enable_image=&#8220;off&#8220; background_size=&#8220;initial&#8220; custom_margin=&#8220;-40px||0px||false|false&#8220; custom_padding=&#8220;||||false|false&#8220; global_colors_info=&#8220;{}&#8220;]<\/p>\n<p>Jakub Svoboda<\/p>\n<p>[\/et_pb_text][et_pb_button button_url=&#8220;@ET-DC@eyJkeW5hbWljIjp0cnVlLCJjb250ZW50IjoicG9zdF9saW5rX3VybF9wYWdlIiwic2V0dGluZ3MiOnsicG9zdF9pZCI6IjIyMTcifX0=@&#8220; button_text=&#8220;Services&#8220; _builder_version=&#8220;4.24.1&#8243; _dynamic_attributes=&#8220;button_url&#8220; _module_preset=&#8220;default&#8220; button_use_icon=&#8220;off&#8220; custom_margin=&#8220;2rem||||false|false&#8220; hover_enabled=&#8220;0&#8243; global_colors_info=&#8220;{}&#8220; sticky_enabled=&#8220;0&#8243;][\/et_pb_button][\/et_pb_column][\/et_pb_row][\/et_pb_section]<\/p>\n","protected":false},"excerpt":{"rendered":"<p>Holi\u010dstv\u00ed Svoboda Pankr\u00e1cHoli\u010dstv\u00ed Svoboda Pankr\u00e1cMain Point Pankr\u00e1c, Milevsk\u00e1 2095\/5, Praha 4Mon &#8211; Fri: 9h &#8211; 19hSat: 10h &#8211; 18hSun: closed+420&nbsp;777&nbsp;101&nbsp;401Main Point Pankr\u00e1c, Milevsk\u00e1 2095\/5, Praha 4 Mon &#8211; Fri:\u00a09h &#8211; 19h, Sat:\u00a010h &#8211; 18h, Sun: closed +420&nbsp;777&nbsp;101&nbsp;401VISIONThe idea of opening a&nbsp;barber\u2019s originated in my childhood when my great-grandfather, [&hellip;]<\/p>\n","protected":false},"author":8,"featured_media":0,"parent":0,"menu_order":0,"comment_status":"closed","ping_status":"closed","template":"","meta":{"_acf_changed":false,"_et_pb_use_builder":"on","_et_pb_old_content":"","_et_gb_content_width":"","footnotes":""},"class_list":["post-2110","page","type-page","status-publish","hentry"],"acf":[],"_links":{"self":[{"href":"https:\/\/holicstvisvoboda.cz\/pankrac\/wp-json\/wp\/v2\/pages\/2110","targetHints":{"allow":["GET"]}}],"collection":[{"href":"https:\/\/holicstvisvoboda.cz\/pankrac\/wp-json\/wp\/v2\/pages"}],"about":[{"href":"https:\/\/holicstvisvoboda.cz\/pankrac\/wp-json\/wp\/v2\/types\/page"}],"author":[{"embeddable":true,"href":"https:\/\/holicstvisvoboda.cz\/pankrac\/wp-json\/wp\/v2\/users\/8"}],"replies":[{"embeddable":true,"href":"https:\/\/holicstvisvoboda.cz\/pankrac\/wp-json\/wp\/v2\/comments?post=2110"}],"version-history":[{"count":15,"href":"https:\/\/holicstvisvoboda.cz\/pankrac\/wp-json\/wp\/v2\/pages\/2110\/revisions"}],"predecessor-version":[{"id":4441,"href":"https:\/\/holicstvisvoboda.cz\/pankrac\/wp-json\/wp\/v2\/pages\/2110\/revisions\/4441"}],"wp:attachment":[{"href":"https:\/\/holicstvisvoboda.cz\/pankrac\/wp-json\/wp\/v2\/media?parent=2110"}],"curies":[{"name":"wp","href":"https:\/\/api.w.org\/{rel}","templated":true}]}}