{"id":2217,"date":"2020-10-09T16:02:34","date_gmt":"2020-10-09T14:02:34","guid":{"rendered":"https:\/\/holicstvisvoboda.cz\/pankrac\/?page_id=2217"},"modified":"2025-05-21T20:33:36","modified_gmt":"2025-05-21T18:33:36","slug":"services","status":"publish","type":"page","link":"https:\/\/holicstvisvoboda.cz\/pankrac\/en\/services\/","title":{"rendered":"Services"},"content":{"rendered":"<p>[et_pb_section fb_built=&#8220;1&#8243; _builder_version=&#8220;4.19.3&#8243; _module_preset=&#8220;default&#8220; background_enable_color=&#8220;off&#8220; background_image=&#8220;https:\/\/holicstvisvoboda.cz\/pankrac\/wp-content\/uploads\/sites\/9\/holicstvi-svoboda-pankrac-hp1.jpg&#8220; custom_padding=&#8220;||100px||false|false&#8220; locked=&#8220;off&#8220; global_colors_info=&#8220;{}&#8220; theme_builder_area=&#8220;post_content&#8220;][et_pb_row column_structure=&#8220;1_3,2_3&#8243; _builder_version=&#8220;4.19.2&#8243; _module_preset=&#8220;default&#8220; width_tablet=&#8220;90%&#8220; width_phone=&#8220;&#8220; width_last_edited=&#8220;on|tablet&#8220; global_colors_info=&#8220;{}&#8220; theme_builder_area=&#8220;post_content&#8220;][et_pb_column type=&#8220;1_3&#8243; _builder_version=&#8220;4.16&#8243; _module_preset=&#8220;default&#8220; global_colors_info=&#8220;{}&#8220; theme_builder_area=&#8220;post_content&#8220;][\/et_pb_column][et_pb_column type=&#8220;2_3&#8243; _builder_version=&#8220;4.16&#8243; _module_preset=&#8220;default&#8220; global_colors_info=&#8220;{}&#8220; theme_builder_area=&#8220;post_content&#8220;][et_pb_text _builder_version=&#8220;4.19.3&#8243; _module_preset=&#8220;default&#8220; text_text_color=&#8220;#ffffff&#8220; header_2_text_color=&#8220;#ffffff&#8220; hover_enabled=&#8220;0&#8243; global_colors_info=&#8220;{}&#8220; sticky_enabled=&#8220;0&#8243; theme_builder_area=&#8220;post_content&#8220;]<\/p>\n<div class=\"sluzby\"><div class=\"sluzba-item\"><a href=\"https:\/\/holicstvisvoboda.cz\/pankrac\/strih\/\"><h2>St\u0159ih<\/h2><p>790 K\u010d<\/p><\/a><\/div><div class=\"sluzba-item\"><a href=\"https:\/\/holicstvisvoboda.cz\/pankrac\/en\/haircut\/\"><h2>Haircut<\/h2><p>790 K\u010d<\/p><\/a><\/div><div class=\"sluzba-item\"><a href=\"https:\/\/holicstvisvoboda.cz\/pankrac\/holeni\/\"><h2>Holen\u00ed<\/h2><p>650 K\u010d<\/p><\/a><\/div><div class=\"sluzba-item\"><a href=\"https:\/\/holicstvisvoboda.cz\/pankrac\/en\/shave\/\"><h2>Shave<\/h2><p>650 K\u010d<\/p><\/a><\/div><div class=\"sluzba-item\"><a href=\"https:\/\/holicstvisvoboda.cz\/pankrac\/strih-a-holeni\/\"><h2>St\u0159ih a&nbsp;holen\u00ed<\/h2><p>1 350 K\u010d<\/p><\/a><\/div><div class=\"sluzba-item\"><a href=\"https:\/\/holicstvisvoboda.cz\/pankrac\/en\/haircut-and-shave\/\"><h2>Haircut and Shave<\/h2><p>1 350 K\u010d<\/p><\/a><\/div><div class=\"sluzba-item\"><a href=\"https:\/\/holicstvisvoboda.cz\/pankrac\/en\/haircut-and-beard-trim\/\"><h2>Haircut and Beard Trim<\/h2><p>1 250 K\u010d<\/p><\/a><\/div><div class=\"sluzba-item\"><a href=\"https:\/\/holicstvisvoboda.cz\/pankrac\/strih-a-uprava-vousu\/\"><h2>St\u0159ih a&nbsp;\u00faprava vous\u016f<\/h2><p>1 250 K\u010d<\/p><\/a><\/div><div class=\"sluzba-item\"><a href=\"https:\/\/holicstvisvoboda.cz\/pankrac\/strih-mladeho-muze-do-12-let\/\"><h2>St\u0159ih mlad\u00e9ho mu\u017ee do&nbsp;12 let<\/h2><p>590 K\u010d<\/p><\/a><\/div><div class=\"sluzba-item\"><a href=\"https:\/\/holicstvisvoboda.cz\/pankrac\/en\/a-cut-for-a-young-man-under-12\/\"><h2>A Cut for a&nbsp;Young Man under 12<\/h2><p>590 K\u010d<\/p><\/a><\/div><div class=\"sluzba-item\"><a href=\"https:\/\/holicstvisvoboda.cz\/pankrac\/en\/razor-fade-cut\/\"><h2>Razor Fade Cut<\/h2><p>990 K\u010d<\/p><\/a><\/div><div class=\"sluzba-item\"><a href=\"https:\/\/holicstvisvoboda.cz\/pankrac\/razor-fade\/\"><h2>Razor fade<\/h2><p>990 K\u010d<\/p><\/a><\/div><div class=\"sluzba-item\"><a href=\"https:\/\/holicstvisvoboda.cz\/pankrac\/holeni-hlavy-britvou\/\"><h2>Holen\u00ed hlavy b\u0159itvou<\/h2><p>790 K\u010d<\/p><\/a><\/div><div class=\"sluzba-item\"><a href=\"https:\/\/holicstvisvoboda.cz\/pankrac\/en\/shaving-the-head-with-a-straight-razor\/\"><h2>Shaving the Head with a&nbsp;Straight Razor<\/h2><p>790 K\u010d<\/p><\/a><\/div><div class=\"sluzba-item\"><a href=\"https:\/\/holicstvisvoboda.cz\/pankrac\/en\/hair-beard-trim-using-a-clipper-trimmer\/\"><h2>Hair \/ Beard Trim using a&nbsp;Clipper \/ Trimmer<\/h2><p>590 K\u010d<\/p><\/a><\/div><div class=\"sluzba-item\"><a href=\"https:\/\/holicstvisvoboda.cz\/pankrac\/uprava-vlasu-vousu-strojkem\/\"><h2>\u00daprava vlas\u016f\/vous\u016f strojkem<\/h2><p>590 K\u010d<\/p><\/a><\/div><div class=\"sluzba-item\"><a href=\"https:\/\/holicstvisvoboda.cz\/pankrac\/uprava-kniru\/\"><h2>\u00daprava kn\u00edru<\/h2><p>200 K\u010d<\/p><\/a><\/div><div class=\"sluzba-item\"><a href=\"https:\/\/holicstvisvoboda.cz\/pankrac\/en\/a-moustache-trim\/\"><h2>A Moustache Trim<\/h2><p>200 K\u010d<\/p><\/a><\/div><\/div>\n<p>[\/et_pb_text][et_pb_text module_class=&#8220;platnost&#8220; _builder_version=&#8220;4.24.1&#8243; _module_preset=&#8220;default&#8220; text_font=&#8220;||||||||&#8220; text_text_color=&#8220;#ffffff&#8220; hover_enabled=&#8220;0&#8243; global_colors_info=&#8220;{}&#8220; theme_builder_area=&#8220;post_content&#8220; sticky_enabled=&#8220;0&#8243;]<\/p>\n<p>Pricing valid from 2.&nbsp;10.&nbsp;2023<\/p>\n<p>[\/et_pb_text][\/et_pb_column][\/et_pb_row][\/et_pb_section]<\/p>\n","protected":false},"excerpt":{"rendered":"<p>[et_pb_section fb_built=&#8220;1&#8243; _builder_version=&#8220;4.19.3&#8243; _module_preset=&#8220;default&#8220; background_enable_color=&#8220;off&#8220; background_image=&#8220;https:\/\/holicstvisvoboda.cz\/pankrac\/wp-content\/uploads\/sites\/9\/holicstvi-svoboda-pankrac-hp1.jpg&#8220; custom_padding=&#8220;||100px||false|false&#8220; locked=&#8220;off&#8220; global_colors_info=&#8220;{}&#8220; theme_builder_area=&#8220;post_content&#8220;][et_pb_row column_structure=&#8220;1_3,2_3&#8243; _builder_version=&#8220;4.19.2&#8243; _module_preset=&#8220;default&#8220; width_tablet=&#8220;90%&#8220; width_phone=&#8220;&#8220; width_last_edited=&#8220;on|tablet&#8220; global_colors_info=&#8220;{}&#8220; theme_builder_area=&#8220;post_content&#8220;][et_pb_column type=&#8220;1_3&#8243; _builder_version=&#8220;4.16&#8243; _module_preset=&#8220;default&#8220; global_colors_info=&#8220;{}&#8220; theme_builder_area=&#8220;post_content&#8220;][\/et_pb_column][et_pb_column type=&#8220;2_3&#8243; _builder_version=&#8220;4.16&#8243; _module_preset=&#8220;default&#8220; global_colors_info=&#8220;{}&#8220; theme_builder_area=&#8220;post_content&#8220;][et_pb_text _builder_version=&#8220;4.19.3&#8243; _module_preset=&#8220;default&#8220; text_text_color=&#8220;#ffffff&#8220; header_2_text_color=&#8220;#ffffff&#8220; hover_enabled=&#8220;0&#8243; global_colors_info=&#8220;{}&#8220; sticky_enabled=&#8220;0&#8243; theme_builder_area=&#8220;post_content&#8220;] [\/et_pb_text][et_pb_text module_class=&#8220;platnost&#8220; _builder_version=&#8220;4.24.1&#8243; _module_preset=&#8220;default&#8220; text_font=&#8220;||||||||&#8220; text_text_color=&#8220;#ffffff&#8220; hover_enabled=&#8220;0&#8243; global_colors_info=&#8220;{}&#8220; theme_builder_area=&#8220;post_content&#8220; sticky_enabled=&#8220;0&#8243;] Pricing valid from 2.&nbsp;10.&nbsp;2023 [\/et_pb_text][\/et_pb_column][\/et_pb_row][\/et_pb_section]<\/p>\n","protected":false},"author":8,"featured_media":0,"parent":0,"menu_order":0,"comment_status":"closed","ping_status":"closed","template":"","meta":{"_acf_changed":false,"_et_pb_use_builder":"on","_et_pb_old_content":"","_et_gb_content_width":"","footnotes":""},"class_list":["post-2217","page","type-page","status-publish","hentry"],"acf":[],"_links":{"self":[{"href":"https:\/\/holicstvisvoboda.cz\/pankrac\/wp-json\/wp\/v2\/pages\/2217","targetHints":{"allow":["GET"]}}],"collection":[{"href":"https:\/\/holicstvisvoboda.cz\/pankrac\/wp-json\/wp\/v2\/pages"}],"about":[{"href":"https:\/\/holicstvisvoboda.cz\/pankrac\/wp-json\/wp\/v2\/types\/page"}],"author":[{"embeddable":true,"href":"https:\/\/holicstvisvoboda.cz\/pankrac\/wp-json\/wp\/v2\/users\/8"}],"replies":[{"embeddable":true,"href":"https:\/\/holicstvisvoboda.cz\/pankrac\/wp-json\/wp\/v2\/comments?post=2217"}],"version-history":[{"count":2,"href":"https:\/\/holicstvisvoboda.cz\/pankrac\/wp-json\/wp\/v2\/pages\/2217\/revisions"}],"predecessor-version":[{"id":4478,"href":"https:\/\/holicstvisvoboda.cz\/pankrac\/wp-json\/wp\/v2\/pages\/2217\/revisions\/4478"}],"wp:attachment":[{"href":"https:\/\/holicstvisvoboda.cz\/pankrac\/wp-json\/wp\/v2\/media?parent=2217"}],"curies":[{"name":"wp","href":"https:\/\/api.w.org\/{rel}","templated":true}]}}