{"id":2178,"date":"2020-10-09T15:43:31","date_gmt":"2020-10-09T13:43:31","guid":{"rendered":"https:\/\/holicstvisvoboda.cz\/stare-mesto\/?page_id=2178"},"modified":"2022-12-07T15:34:07","modified_gmt":"2022-12-07T14:34:07","slug":"contact","status":"publish","type":"page","link":"https:\/\/holicstvisvoboda.cz\/stare-mesto\/en\/contact\/","title":{"rendered":"Contact"},"content":{"rendered":"<p>[et_pb_section fb_built=&#8220;1&#8243; custom_padding_last_edited=&#8220;on|phone&#8220; _builder_version=&#8220;4.16&#8243; _module_preset=&#8220;default&#8220; background_color=&#8220;#fdf7ee&#8220; custom_padding_tablet=&#8220;60px||||false|false&#8220; custom_padding_phone=&#8220;80px||||false|false&#8220; global_colors_info=&#8220;{}&#8220;][et_pb_row column_structure=&#8220;1_3,2_3&#8243; make_equal=&#8220;on&#8220; module_class=&#8220;kontakt&#8220; _builder_version=&#8220;4.16&#8243; _module_preset=&#8220;default&#8220; global_colors_info=&#8220;{}&#8220;][et_pb_column type=&#8220;1_3&#8243; _builder_version=&#8220;4.16&#8243; _module_preset=&#8220;default&#8220; global_colors_info=&#8220;{}&#8220;][et_pb_text _builder_version=&#8220;4.16&#8243; _module_preset=&#8220;default&#8220; text_font=&#8220;||||||||&#8220; text_line_height=&#8220;1.5em&#8220; header_3_font=&#8220;|||on|||||&#8220; header_3_font_size=&#8220;24px&#8220; header_3_letter_spacing=&#8220;2px&#8220; custom_margin=&#8220;||8px||false|false&#8220; locked=&#8220;off&#8220; global_colors_info=&#8220;{}&#8220;]<\/p>\n<h3>Address<\/h3>\n<p>[\/et_pb_text][et_pb_text _builder_version=&#8220;4.16&#8243; _module_preset=&#8220;default&#8220; text_line_height=&#8220;1.6em&#8220; global_colors_info=&#8220;{}&#8220;]<\/p>\n<p><a href=\"https:\/\/goo.gl\/maps\/ifkzzvGm1CD2\" target=\"_blank\" rel=\"noopener noreferrer\">U Obecn\u00edho dvora 797\/3<\/a><br \/><a href=\"https:\/\/goo.gl\/maps\/ifkzzvGm1CD2\" target=\"_blank\" rel=\"noopener noreferrer\"> Praha 1<\/a><\/p>\n<p>[\/et_pb_text][et_pb_text _builder_version=&#8220;4.16&#8243; _module_preset=&#8220;default&#8220; text_font=&#8220;||||||||&#8220; text_line_height=&#8220;1.5em&#8220; header_3_font=&#8220;|||on|||||&#8220; header_3_font_size=&#8220;24px&#8220; header_3_letter_spacing=&#8220;2px&#8220; custom_margin=&#8220;||8px||false|false&#8220; locked=&#8220;off&#8220; global_colors_info=&#8220;{}&#8220;]<\/p>\n<h3>Opening hours<\/h3>\n<p>[\/et_pb_text][et_pb_text _builder_version=&#8220;4.16&#8243; _module_preset=&#8220;default&#8220; text_line_height=&#8220;1.6em&#8220; global_colors_info=&#8220;{}&#8220;]<\/p>\n<p>Monday \u2013 Friday: 9h \u2013 21h<br \/> Saturday: 10h \u2013 18h<br \/>We rest on Sundays and therefore are closed.<\/p>\n<p>[\/et_pb_text][et_pb_text _builder_version=&#8220;4.16&#8243; _module_preset=&#8220;default&#8220; text_font=&#8220;||||||||&#8220; text_line_height=&#8220;1.5em&#8220; header_3_font=&#8220;|||on|||||&#8220; header_3_font_size=&#8220;24px&#8220; header_3_letter_spacing=&#8220;2px&#8220; custom_margin=&#8220;||8px||false|false&#8220; locked=&#8220;off&#8220; global_colors_info=&#8220;{}&#8220;]<\/p>\n<h3>Contact<\/h3>\n<p>[\/et_pb_text][et_pb_text _builder_version=&#8220;4.19.2&#8243; _module_preset=&#8220;default&#8220; text_line_height=&#8220;1.6em&#8220; global_colors_info=&#8220;{}&#8220;]<a href=\"tel:+420602323300\">+420&nbsp;602&nbsp;323&nbsp;300<\/a><\/p>\n<p><a href=\"mailto:info@holicstvisvoboda.cz\">info@holicstvisvoboda.cz<\/a>[\/et_pb_text][et_pb_text _builder_version=&#8220;4.16&#8243; _module_preset=&#8220;default&#8220; text_font=&#8220;||||||||&#8220; text_line_height=&#8220;1.5em&#8220; header_3_font=&#8220;|||on|||||&#8220; header_3_font_size=&#8220;24px&#8220; header_3_letter_spacing=&#8220;2px&#8220; custom_margin=&#8220;||8px||false|false&#8220; locked=&#8220;off&#8220; global_colors_info=&#8220;{}&#8220;]<\/p>\n<h3>Social networks<\/h3>\n<p>[\/et_pb_text][et_pb_social_media_follow _builder_version=&#8220;4.16&#8243; _module_preset=&#8220;default&#8220; custom_margin=&#8220;||3rem||false|false&#8220; custom_margin_tablet=&#8220;||3rem||false|false&#8220; custom_margin_phone=&#8220;||2rem||false|false&#8220; custom_margin_last_edited=&#8220;on|phone&#8220; text_orientation_tablet=&#8220;&#8220; text_orientation_phone=&#8220;&#8220; text_orientation_last_edited=&#8220;on|desktop&#8220; locked=&#8220;off&#8220; global_colors_info=&#8220;{}&#8220;][et_pb_social_media_follow_network social_network=&#8220;facebook&#8220; url=&#8220;https:\/\/www.facebook.com\/holicstvisvoboda\/&#8220; _builder_version=&#8220;4.16&#8243; _module_preset=&#8220;default&#8220; background_color=&#8220;#252525&#8243; background_enable_color=&#8220;on&#8220; custom_margin=&#8220;|4px|0px|4px|false|true&#8220; global_colors_info=&#8220;{}&#8220; background__hover_enabled=&#8220;on|hover&#8220; background_color__hover=&#8220;#161616&#8243; background_enable_color__hover=&#8220;on&#8220; follow_button=&#8220;off&#8220; url_new_window=&#8220;on&#8220;]facebook[\/et_pb_social_media_follow_network][et_pb_social_media_follow_network social_network=&#8220;instagram&#8220; url=&#8220;https:\/\/www.instagram.com\/holicstvi_svoboda\/&#8220; _builder_version=&#8220;4.16&#8243; _module_preset=&#8220;default&#8220; background_color=&#8220;#252525&#8243; background_enable_color=&#8220;on&#8220; custom_margin=&#8220;|4px|0px|4px|false|true&#8220; global_colors_info=&#8220;{}&#8220; background__hover_enabled=&#8220;on|desktop&#8220; background_color__hover=&#8220;#161616&#8243; background_enable_color__hover=&#8220;on&#8220; follow_button=&#8220;off&#8220; url_new_window=&#8220;on&#8220;]instagram[\/et_pb_social_media_follow_network][\/et_pb_social_media_follow][\/et_pb_column][et_pb_column type=&#8220;2_3&#8243; _builder_version=&#8220;4.16&#8243; _module_preset=&#8220;default&#8220; global_colors_info=&#8220;{}&#8220;][dsm_embed_google_map address=&#8220;Tradi\u010dn\u00ed Holi\u010dstv\u00ed Svoboda&#8220; zoom=&#8220;14px&#8220; _builder_version=&#8220;4.19.2&#8243; _module_preset=&#8220;default&#8220; min_height=&#8220;480px&#8220; min_height_tablet=&#8220;400px&#8220; min_height_phone=&#8220;300px&#8220; min_height_last_edited=&#8220;on|phone&#8220; custom_margin=&#8220;||||false|false&#8220; custom_padding=&#8220;||||false|false&#8220; hover_enabled=&#8220;0&#8243; global_colors_info=&#8220;{}&#8220; sticky_enabled=&#8220;0&#8243;][\/dsm_embed_google_map][\/et_pb_column][\/et_pb_row][\/et_pb_section]<\/p>\n","protected":false},"excerpt":{"rendered":"<p>AddressU Obecn\u00edho dvora 797\/3 Praha 1Opening hoursMonday \u2013 Friday: 9h \u2013 21h Saturday: 10h \u2013 18hWe rest on Sundays and therefore are closed.Contact+420&nbsp;602&nbsp;323&nbsp;300 info@holicstvisvoboda.czSocial networks<div class=\"et_pb_module dsm_embed_google_map dsm_embed_google_map_0\">\n\t\t\t\t\n\t\t\t\t\n\t\t\t\t\n\t\t\t\t\n\t\t\t\t\n\t\t\t\t\n\t\t\t\t<div class=\"et_pb_module_inner\">\n\t\t\t\t\t<iframe loading=\"lazy\" frameborder=\"0\" scrolling=\"no\" marginheight=\"0\" marginwidth=\"0\" referrerPolicy=\"no-referrer-when-downgrade\" src=\"https:\/\/maps.google.com\/maps?q=Tradi%C4%8Dn%C3%AD%20Holi%C4%8Dstv%C3%AD%20Svoboda&amp;t=m&amp;z=14&amp;output=embed&amp;iwloc=near&hl=cs_CZ\" aria-label=\"Tradi\u010dn\u00ed Holi\u010dstv\u00ed Svoboda\"><\/iframe>\n\t\t\t\t<\/div>\n\t\t\t<\/div><\/p>\n","protected":false},"author":8,"featured_media":0,"parent":0,"menu_order":0,"comment_status":"closed","ping_status":"closed","template":"","meta":{"_acf_changed":false,"_et_pb_use_builder":"on","_et_pb_old_content":"","_et_gb_content_width":"","footnotes":""},"class_list":["post-2178","page","type-page","status-publish","hentry"],"acf":[],"_links":{"self":[{"href":"https:\/\/holicstvisvoboda.cz\/stare-mesto\/wp-json\/wp\/v2\/pages\/2178","targetHints":{"allow":["GET"]}}],"collection":[{"href":"https:\/\/holicstvisvoboda.cz\/stare-mesto\/wp-json\/wp\/v2\/pages"}],"about":[{"href":"https:\/\/holicstvisvoboda.cz\/stare-mesto\/wp-json\/wp\/v2\/types\/page"}],"author":[{"embeddable":true,"href":"https:\/\/holicstvisvoboda.cz\/stare-mesto\/wp-json\/wp\/v2\/users\/8"}],"replies":[{"embeddable":true,"href":"https:\/\/holicstvisvoboda.cz\/stare-mesto\/wp-json\/wp\/v2\/comments?post=2178"}],"version-history":[{"count":5,"href":"https:\/\/holicstvisvoboda.cz\/stare-mesto\/wp-json\/wp\/v2\/pages\/2178\/revisions"}],"predecessor-version":[{"id":3626,"href":"https:\/\/holicstvisvoboda.cz\/stare-mesto\/wp-json\/wp\/v2\/pages\/2178\/revisions\/3626"}],"wp:attachment":[{"href":"https:\/\/holicstvisvoboda.cz\/stare-mesto\/wp-json\/wp\/v2\/media?parent=2178"}],"curies":[{"name":"wp","href":"https:\/\/api.w.org\/{rel}","templated":true}]}}